{"id":4350,"date":"2025-11-05T21:58:54","date_gmt":"2025-11-05T19:58:54","guid":{"rendered":"http:\/\/saudimag.de\/?page_id=4350"},"modified":"2026-03-27T16:15:26","modified_gmt":"2026-03-27T14:15:26","slug":"datenschutzerklaerung","status":"publish","type":"page","link":"https:\/\/saudimag.de\/?page_id=4350","title":{"rendered":"Impressum &#038; Datenschutzerkl\u00e4rung"},"content":{"rendered":"\n<div class=\"wp-block-group\"><div class=\"wp-block-group__inner-container is-layout-constrained wp-block-group-is-layout-constrained\"><div class=\"wp-block-image\">\n<figure class=\"alignleft size-large is-resized\"><img loading=\"lazy\" decoding=\"async\" width=\"1024\" height=\"889\" src=\"https:\/\/saudimag.de\/wp-content\/uploads\/2023\/12\/ipad_02-1024x889.webp\" alt=\"Ipad #02\" class=\"wp-image-8843\" style=\"aspect-ratio:1.1518658053690376;width:547px;height:auto\" srcset=\"https:\/\/saudimag.de\/wp-content\/uploads\/2023\/12\/ipad_02-1024x889.webp 1024w, https:\/\/saudimag.de\/wp-content\/uploads\/2023\/12\/ipad_02-300x261.webp 300w, https:\/\/saudimag.de\/wp-content\/uploads\/2023\/12\/ipad_02-768x667.webp 768w, https:\/\/saudimag.de\/wp-content\/uploads\/2023\/12\/ipad_02-1536x1334.webp 1536w, https:\/\/saudimag.de\/wp-content\/uploads\/2023\/12\/ipad_02-2048x1779.webp 2048w, https:\/\/saudimag.de\/wp-content\/uploads\/2023\/12\/ipad_02-380x330.webp 380w, https:\/\/saudimag.de\/wp-content\/uploads\/2023\/12\/ipad_02-800x695.webp 800w, https:\/\/saudimag.de\/wp-content\/uploads\/2023\/12\/ipad_02-1160x1007.webp 1160w, https:\/\/saudimag.de\/wp-content\/uploads\/2023\/12\/ipad_02-3072x2668.webp 3072w, https:\/\/saudimag.de\/wp-content\/uploads\/2023\/12\/ipad_02-760x660.webp 760w, https:\/\/saudimag.de\/wp-content\/uploads\/2023\/12\/ipad_02-1600x1389.webp 1600w, https:\/\/saudimag.de\/wp-content\/uploads\/2023\/12\/ipad_02-2320x2015.webp 2320w, https:\/\/saudimag.de\/wp-content\/uploads\/2023\/12\/ipad_02-600x521.webp 600w, https:\/\/saudimag.de\/wp-content\/uploads\/2023\/12\/ipad_02-scaled.webp 2560w\" sizes=\"auto, (max-width: 1024px) 100vw, 1024px\" \/><\/figure>\n<\/div>\n\n\n<h1 id=\"the-new-beat-of-the-kingdom\" class=\"wp-block-heading\">The New Beat Of The Kingdom<\/h1>\n\n\n\n<p>Culture. Style. Vision \u2013 #SaudiMag ist ein Online-Magazin \u00fcber das neue Saudi-Arabien \u2013 neugierig, weltoffen und mit Sinn f\u00fcr \u00c4sthetik. Wir erz\u00e4hlen Geschichten \u00fcber Wandel und Aufbruch, \u00fcber Menschen, die Zukunft gestalten, ihre eigene und die ihres Landes. Von jungen Designer:innen in Jeddah bis zu Tech-Pionier:innen in Riyadh. Dabei steht immer die Frage im Raum: Wie sieht ein modernes Saudi-Arabien aus \u2013 und wer sind die Gesichter dahinter?<\/p>\n\n\n\n<h4 id=\"unser-redaktions-statut-slow-media-statt-clickbait\" class=\"wp-block-heading\">Unser <strong>Redaktions-Statut<\/strong>: Slow Media statt Clickbait !<\/h4>\n\n\n\n<p>Die Redaktion von #SaudiMag will einen lokalen Blickwinkel mit globaler Relevanz bieten. Wir berichten nicht f\u00fcr ein Publikum, das Sensationen sucht, sondern f\u00fcr Leser:innen, die die saudische Perspektive verstehen wollen. #SaudiMag m\u00f6chte erkl\u00e4ren, warum bestimmte Projekte f\u00fcr das Land wichtig sind \u2013 aber auch, welche Grenzen sie wom\u00f6glich haben.<\/p>\n\n\n\n<p>Wir sind kein PR-Organ, aber auch kein oppositionelles Medium, #SaudiMag ist weder Regierungspropaganda noch sind wir systemkritisch. Wir bieten eine realistische, kontextualisierte Einordnung von Projekten, die sowohl die Visionen als auch die Herausforderungen zeigt. Dies macht die Berichterstattung informierter als viele internationale Medien, die oft nur die Oberfl\u00e4che kratzen, denn: <strong>#SaudiMag ist unabh\u00e4ngig, da wir uns weder durch Klicks finanzieren noch durch PR-Auftr\u00e4ge<\/strong>.<\/p>\n\n\n\n<p>Wir sind weder unkritisch noch zynisch, sondern ein Medium, das:<\/p>\n\n\n\n<ul class=\"wp-block-list\">\n<li>Saudische Megaprojekte erkl\u00e4rt, ohne sie zu verkl\u00e4ren.<\/li>\n\n\n\n<li>Chancen und Risiken gleicherma\u00dfen benennt \u2013 mit Fokus auf die lokale Umsetzung.<\/li>\n\n\n\n<li>Leser:innen dabei unterst\u00fctzt, die saudische Strategie hinter den Schlagzeilen zu verstehen.<\/li>\n<\/ul>\n\n\n\n<p>Verglichen mit internationalen Medien ist #SaudiMag damit weniger sensationalistisch (keine \u201eWunderwaffe\u201c-Rhetorik) und mehr kontextualisiert (wir erkl\u00e4ren, warum Projekte f\u00fcr Saudi-Arabien wichtig sind). Wir sind kritisch, aber nicht destruktiv. Denn wir thematisieren Probleme, ohne Projekte pauschal zu verdammen.<\/p>\n\n\n\n<p><strong>Unser Motto: &#8222;Eine andere Kultur zu sehen. \u00dcber Mauern zu schauen, das Positive zu suchen, sich anzun\u00e4hern und zuzuh\u00f6ren.&#8220;<\/strong><\/p>\n\n\n\n<p class=\"has-small-font-size\">Unser Magazin entsteht in Tabuk, Saudi-Arabien und K\u00f6ln, Deutschland. Die Adresse unserer Website ist: www.saudimag.de. Unsere Webseite ist ein unabh\u00e4ngiges, redaktionelles Informationsangebot mit dem Themen-Schwerpunkt Saudi-Arabien, herausgegeben von Zauberwald e.K. TV- und Medienproduktion. Handelsregister: HRA 31024 AG K\u00f6ln, Deutschland, V.i.S.d.P. ist der Lars von Lennep (Chefredakteur\/Editor-in-Chief) in Tabuk, K\u00f6nigreich Saudi-Arabien (ladef\u00e4hig \u00fcber Adresse K\u00f6ln vgl. HR)<\/p>\n\n\n\n<p class=\"has-small-font-size\">Wir weisen darauf hin, dass #SaudiMag in keiner Form, insbesondere nicht finanziell, von irgendwelchen saudi-arabischen Stellen gef\u00f6rdert wird.<\/p>\n\n\n\n<p class=\"has-small-font-size\">#SaudiMag hat 2025 keine KI zur Erstellung von Texten eingesetzt; sollten wir dies zuk\u00fcnftig tun, werden wir dies entsprechend bei den Artikeln anmerken.<\/p>\n\n\n\n<p class=\"has-small-font-size\">Die Website wird erstellt und gewartet von <a href=\"http:\/\/webwok.de\" target=\"_blank\" rel=\"noopener\" title=\"www.webwok.de\">www.webwok.de<\/a> Remscheid.<\/p>\n\n\n\n<p class=\"has-small-font-size\">Schreiben Sie uns eine Email bzgl. Kooperationen, Story-Ideen, oder wenn Sie uns mit der Platzierung einer Bannerwerbung unterst\u00fctzen m\u00f6chten !<\/p>\n\n\n\n<h2 id=\"kommentare\" class=\"wp-block-heading\">Kommentare<\/h2>\n\n\n\n<p class=\"has-small-font-size\">Wenn Besucher Kommentare auf der Website schreiben, sammeln wir die Daten, die im Kommentar-Formular angezeigt werden, au\u00dferdem die IP-Adresse des Besuchers und den User-Agent-String (damit wird der Browser identifiziert), um die Erkennung von Spam zu unterst\u00fctzen. Aus deiner E-Mail-Adresse kann eine anonymisierte Zeichenfolge erstellt (auch Hash genannt) und dem Gravatar-Dienst \u00fcbergeben werden, um zu pr\u00fcfen, ob du diesen benutzt. Die Datenschutzerkl\u00e4rung des Gravatar-Dienstes findest du hier: https:\/\/automattic.com\/privacy\/. Nachdem dein Kommentar freigegeben wurde, ist dein Profilbild \u00f6ffentlich im Kontext deines Kommentars sichtbar.<\/p>\n\n\n\n<h2 id=\"medien\" class=\"wp-block-heading\">Medien<\/h2>\n\n\n\n<p class=\"has-small-font-size\">Wenn du ein registrierter Benutzer bist und Fotos auf diese Website l\u00e4dst, solltest du vermeiden, Fotos mit einem EXIF-GPS-Standort hochzuladen. Besucher dieser Website k\u00f6nnten Fotos, die auf dieser Website gespeichert sind, herunterladen und deren Standort-Informationen extrahieren.<\/p>\n\n\n\n<h2 id=\"cookies\" class=\"wp-block-heading\">Cookies<\/h2>\n\n\n\n<p class=\"has-small-font-size\">Wenn du einen Kommentar auf unserer Website schreibst, kann das eine Einwilligung sein, deinen Namen, E-Mail-Adresse und Website in Cookies zu speichern. Dies ist eine Komfortfunktion, damit du nicht, wenn du einen weiteren Kommentar schreibst, all diese Daten erneut eingeben musst. Diese Cookies werden ein Jahr lang gespeichert.<\/p>\n\n\n\n<p class=\"has-small-font-size\">Falls du ein Konto hast und dich auf dieser Website anmeldest, werden wir ein tempor\u00e4res Cookie setzen, um festzustellen, ob dein Browser Cookies akzeptiert. Dieses Cookie enth\u00e4lt keine personenbezogenen Daten und wird verworfen, wenn du deinen Browser schlie\u00dft. Wenn du dich anmeldest, werden wir einige Cookies einrichten, um deine Anmeldeinformationen und Anzeigeoptionen zu speichern. Anmelde-Cookies verfallen nach zwei Tagen und Cookies f\u00fcr die Anzeigeoptionen nach einem Jahr. Falls du bei der Anmeldung \u201eAngemeldet bleiben\u201c ausw\u00e4hlst, wird deine Anmeldung zwei Wochen lang aufrechterhalten. Mit der Abmeldung aus deinem Konto werden die Anmelde-Cookies gel\u00f6scht. Wenn du einen Artikel bearbeitest oder ver\u00f6ffentlichst, wird ein zus\u00e4tzlicher Cookie in deinem Browser gespeichert. Dieser Cookie enth\u00e4lt keine personenbezogenen Daten und verweist nur auf die Beitrags-ID des Artikels, den du gerade bearbeitet hast. Der Cookie verf\u00e4llt nach einem Tag. <br><br>Unsere Website verwendet Cookies, um dir ein optimales Nutzererlebnis zu bieten und dir relevante Inhalte und Werbung bereitzustellen. Cookies sind kleine Textdateien, die auf deinem Computer oder mobilen Ger\u00e4t gespeichert werden, wenn du unsere Website besuchst.<br><br>Wir verwenden Cookies, um Informationen dar\u00fcber zu sammeln, wie du unsere Website nutzt, welche Seiten du besuchst und welche Links du anklickst. Dadurch k\u00f6nnen wir die Funktionalit\u00e4t unserer Website verbessern und dir relevante Inhalte und Werbung anzeigen, die auf deine Interessen abgestimmt sind.<br><br>Es gibt verschiedene Arten von Cookies, die auf unserer Website verwendet werden:<br><br><strong>Notwendige Cookies:<\/strong> Diese Cookies sind erforderlich, um die grundlegenden Funktionen unserer Website zu gew\u00e4hrleisten, wie zum Beispiel das Speichern deiner Einstellungen und Pr\u00e4ferenzen.<br><br><strong>Analytische Cookies:<\/strong> Diese Cookies helfen uns, die Nutzung unserer Website zu analysieren und zu verbessern, indem wir anonyme Informationen \u00fcber Ihre Interaktionen mit unserer Website sammeln.<br><br><strong>Werbe-Cookies:<\/strong> Diese Cookies werden verwendet, um dir relevante Werbung auf unserer Website und auf anderen Websites anzuzeigen, die auf deine Interessen abgestimmt sind.<br><br>Sie k\u00f6nnen die Verwendung von Cookies auf unserer Website ablehnen oder einschr\u00e4nken, indem Sie Ihre Browsereinstellungen entsprechend anpassen. Beachten Sie jedoch, dass dies die Funktionalit\u00e4t unserer Website beeintr\u00e4chtigen kann.<br><br>Durch die Nutzung unserer Website stimmst du der Verwendung von Cookies gem\u00e4\u00df dieser Cookie-Richtlinie zu.<\/p>\n\n\n\n<h2 id=\"eingebettete-inhalte-von-anderen-websites\" class=\"wp-block-heading\">Eingebettete Inhalte von anderen Websites<\/h2>\n\n\n\n<p class=\"has-small-font-size\">Beitr\u00e4ge auf dieser Website k\u00f6nnen eingebettete Inhalte beinhalten (z.&nbsp;B. Videos, Bilder, Beitr\u00e4ge etc.). Eingebettete Inhalte von anderen Websites verhalten sich exakt so, als ob der Besucher die andere Website besucht h\u00e4tte. Diese Websites k\u00f6nnen Daten \u00fcber dich sammeln, Cookies benutzen, zus\u00e4tzliche Tracking-Dienste von Dritten einbetten und deine Interaktion mit diesem eingebetteten Inhalt aufzeichnen, inklusive deiner Interaktion mit dem eingebetteten Inhalt, falls du ein Konto hast und auf dieser Website angemeldet bist.<\/p>\n\n\n\n<h2 id=\"mit-wem-wir-deine-daten-teilen\" class=\"wp-block-heading\">Mit wem wir deine Daten teilen<\/h2>\n\n\n\n<p class=\"has-small-font-size\">Wenn du eine Zur\u00fccksetzung des Passworts beantragst, wird deine IP-Adresse in der E-Mail zur Zur\u00fccksetzung enthalten sein.<\/p>\n\n\n\n<h2 id=\"wie-lange-wir-deine-daten-speichern\" class=\"wp-block-heading\">Wie lange wir deine Daten speichern<\/h2>\n\n\n\n<p class=\"has-small-font-size\">Wenn du einen Kommentar schreibst, wird dieser inklusive Metadaten zeitlich unbegrenzt gespeichert. Auf diese Art k\u00f6nnen wir Folgekommentare automatisch erkennen und freigeben, anstatt sie in einer Moderations-Warteschlange festzuhalten. F\u00fcr Benutzer, die sich auf unserer Website registrieren, speichern wir zus\u00e4tzlich die pers\u00f6nlichen Informationen, die sie in ihren Benutzerprofilen angeben. Alle Benutzer k\u00f6nnen jederzeit ihre pers\u00f6nlichen Informationen einsehen, ver\u00e4ndern oder l\u00f6schen (der Benutzername kann nicht ver\u00e4ndert werden). Administratoren der Website k\u00f6nnen diese Informationen ebenfalls einsehen und ver\u00e4ndern.<\/p>\n\n\n\n<h2 id=\"welche-rechte-du-an-deinen-daten-hast\" class=\"wp-block-heading\">Welche Rechte du an deinen Daten hast<\/h2>\n\n\n\n<p class=\"has-small-font-size\">Wenn du ein Konto auf dieser Website besitzt oder Kommentare geschrieben hast, kannst du einen Export deiner personenbezogenen Daten bei uns anfordern, inklusive aller Daten, die du uns mitgeteilt hast. Dar\u00fcber hinaus kannst du die L\u00f6schung aller personenbezogenen Daten, die wir von dir gespeichert haben, anfordern. Dies umfasst nicht die Daten, die wir aufgrund administrativer, rechtlicher oder sicherheitsrelevanter Notwendigkeiten aufbewahren m\u00fcssen.<\/p>\n\n\n\n<h2 id=\"wohin-deine-daten-gesendet-werden\" class=\"wp-block-heading\">Wohin deine Daten gesendet werden<\/h2>\n\n\n\n<p class=\"has-small-font-size\">Besucher-Kommentare k\u00f6nnten von einem automatisierten Dienst zur Spam-Erkennung untersucht werden.<\/p>\n<\/div><\/div>\n","protected":false},"excerpt":{"rendered":"The New Beat Of The Kingdom Culture. Style. Vision \u2013 #SaudiMag ist ein Online-Magazin \u00fcber das neue Saudi-Arabien&hellip;\n","protected":false},"author":1,"featured_media":0,"parent":0,"menu_order":0,"comment_status":"closed","ping_status":"closed","template":"","meta":{"slim_seo":{"title":"SaudiMag Deutschland","description":"#Saudimag ist das deutschsprachige Onlinemagazin aus und \u00fcber Saudi-Arabien. Wir berichten nicht f\u00fcr ein Publikum, das Sensationen sucht, sondern f\u00fcr Leser:innen, die die saudische Perspektive verstehen wollen. #SaudiMag m\u00f6chte erkl\u00e4ren, warum bestimmte Projekte f\u00fcr das Land wichtig sind \u2013 und welche Grenzen sie haben"},"csco_singular_sidebar":"disabled","csco_page_header_type":"none","csco_page_load_nextpost":"","csco_post_video_location":[],"csco_post_video_url":"","csco_post_video_bg_start_time":0,"csco_post_video_bg_end_time":0,"footnotes":""},"class_list":{"0":"post-4350","1":"page","2":"type-page","3":"status-publish","5":"cs-entry","6":"cs-video-wrap"},"_links":{"self":[{"href":"https:\/\/saudimag.de\/index.php?rest_route=\/wp\/v2\/pages\/4350","targetHints":{"allow":["GET"]}}],"collection":[{"href":"https:\/\/saudimag.de\/index.php?rest_route=\/wp\/v2\/pages"}],"about":[{"href":"https:\/\/saudimag.de\/index.php?rest_route=\/wp\/v2\/types\/page"}],"author":[{"embeddable":true,"href":"https:\/\/saudimag.de\/index.php?rest_route=\/wp\/v2\/users\/1"}],"replies":[{"embeddable":true,"href":"https:\/\/saudimag.de\/index.php?rest_route=%2Fwp%2Fv2%2Fcomments&post=4350"}],"version-history":[{"count":36,"href":"https:\/\/saudimag.de\/index.php?rest_route=\/wp\/v2\/pages\/4350\/revisions"}],"predecessor-version":[{"id":15705,"href":"https:\/\/saudimag.de\/index.php?rest_route=\/wp\/v2\/pages\/4350\/revisions\/15705"}],"wp:attachment":[{"href":"https:\/\/saudimag.de\/index.php?rest_route=%2Fwp%2Fv2%2Fmedia&parent=4350"}],"curies":[{"name":"wp","href":"https:\/\/api.w.org\/{rel}","templated":true}]}}